{"id":841,"date":"2024-05-22T13:49:00","date_gmt":"2024-05-22T11:49:00","guid":{"rendered":"https:\/\/valeriemallortherapeute.com\/?page_id=841"},"modified":"2024-05-22T14:05:37","modified_gmt":"2024-05-22T12:05:37","slug":"mention-legales","status":"publish","type":"page","link":"https:\/\/valeriemallortherapeute.com\/index.php\/mention-legales\/","title":{"rendered":"Mention L\u00e9gales"},"content":{"rendered":"\t\t<div data-elementor-type=\"wp-page\" data-elementor-id=\"841\" class=\"elementor elementor-841\">\n\t\t\t\t<div class=\"elementor-element elementor-element-35c2c9f e-flex e-con-boxed wpr-particle-no wpr-jarallax-no wpr-parallax-no wpr-sticky-section-no e-con e-parent\" data-id=\"35c2c9f\" data-element_type=\"container\" data-core-v316-plus=\"true\">\n\t\t\t\t\t<div class=\"e-con-inner\">\n\t\t\t\t<div class=\"elementor-element elementor-element-bd654a2 elementor-widget elementor-widget-heading\" data-id=\"bd654a2\" data-element_type=\"widget\" data-widget_type=\"heading.default\">\n\t\t\t\t<div class=\"elementor-widget-container\">\n\t\t\t<style>\/*! elementor - v3.20.0 - 26-03-2024 *\/\n.elementor-heading-title{padding:0;margin:0;line-height:1}.elementor-widget-heading .elementor-heading-title[class*=elementor-size-]>a{color:inherit;font-size:inherit;line-height:inherit}.elementor-widget-heading .elementor-heading-title.elementor-size-small{font-size:15px}.elementor-widget-heading .elementor-heading-title.elementor-size-medium{font-size:19px}.elementor-widget-heading .elementor-heading-title.elementor-size-large{font-size:29px}.elementor-widget-heading .elementor-heading-title.elementor-size-xl{font-size:39px}.elementor-widget-heading .elementor-heading-title.elementor-size-xxl{font-size:59px}<\/style><h2 class=\"elementor-heading-title elementor-size-default\">Mentions l\u00e9gales<\/h2>\t\t<\/div>\n\t\t\t\t<\/div>\n\t\t\t\t<div class=\"elementor-element elementor-element-93098a3 elementor-widget elementor-widget-text-editor\" data-id=\"93098a3\" data-element_type=\"widget\" data-widget_type=\"text-editor.default\">\n\t\t\t\t<div class=\"elementor-widget-container\">\n\t\t\t<style>\/*! elementor - v3.20.0 - 26-03-2024 *\/\n.elementor-widget-text-editor.elementor-drop-cap-view-stacked .elementor-drop-cap{background-color:#69727d;color:#fff}.elementor-widget-text-editor.elementor-drop-cap-view-framed .elementor-drop-cap{color:#69727d;border:3px solid;background-color:transparent}.elementor-widget-text-editor:not(.elementor-drop-cap-view-default) .elementor-drop-cap{margin-top:8px}.elementor-widget-text-editor:not(.elementor-drop-cap-view-default) .elementor-drop-cap-letter{width:1em;height:1em}.elementor-widget-text-editor .elementor-drop-cap{float:left;text-align:center;line-height:1;font-size:50px}.elementor-widget-text-editor .elementor-drop-cap-letter{display:inline-block}<\/style>\t\t\t\t<p>Mentions L\u00e9gales pour le Site &#8220;Val\u00e9rie Mallor Th\u00e9rapeute&#8221;<\/p><p>1. Informations G\u00e9n\u00e9rales<\/p><p>\u00c9diteur du site d<span style=\"font-family: Poppins, sans-serif; font-size: 18px; font-style: normal; font-variant-ligatures: normal; font-variant-caps: normal; font-weight: 400; color: var( --e-global-color-text ); text-align: var(--text-align);\">irecteur de la publication :<\/span><\/p><p>Battaglia studio&#8217;s\u00a0<\/p><p><span style=\"font-size: 18px; color: var( --e-global-color-text ); text-align: var(--text-align);\">Adresse : 1 rue Haxo<\/span><\/p><p>Email : Battaglia.studios@gmail.com<br \/>T\u00e9l\u00e9phone : 0614439783<br \/>SIRET :<\/p><p class=\"p1\">94869785900015<\/p><p><span style=\"color: var( --e-global-color-text ); font-size: 18px; text-align: var(--text-align);\">H\u00e9bergeur du site :<\/span><\/p><p>OVH Cloud<\/p><p>Adresse : <b>2, rue Kellermann, 59100 Roubaix<\/b><br \/>T\u00e9l\u00e9phone : 1007<br \/>Site web : https:\/\/www.ovhcloud.com\/fr\/<\/p><p>2. Propri\u00e9t\u00e9 Intellectuelle<\/p><p>L&#8217;ensemble du contenu pr\u00e9sent sur le site &#8220;Val\u00e9rie Mallor Th\u00e9rapeute&#8221; (textes, images, graphismes, logo, ic\u00f4nes, sons, logiciels, etc.) est la propri\u00e9t\u00e9 de Val\u00e9rie Mallor, sauf indication contraire. Toute reproduction, distribution, modification, adaptation, retransmission ou publication, m\u00eame partielle, de ces diff\u00e9rents \u00e9l\u00e9ments est strictement interdite sans l&#8217;accord expr\u00e8s par \u00e9crit de Val\u00e9rie Mallor.<\/p><p>3. Protection des Donn\u00e9es Personnelles<\/p><p>En naviguant sur notre site, vous \u00eates amen\u00e9 \u00e0 nous fournir des donn\u00e9es personnelles. Nous nous engageons \u00e0 respecter la confidentialit\u00e9 de ces donn\u00e9es et \u00e0 les traiter conform\u00e9ment \u00e0 la r\u00e9glementation en vigueur.<\/p><p>Responsable du traitement :<br \/>Val\u00e9rie Mallor<\/p><p>Finalit\u00e9s du traitement :<br \/>Collecte de cookies<\/p><p>Droits des utilisateurs :<br \/>Conform\u00e9ment \u00e0 la loi Informatique et Libert\u00e9s et au R\u00e8glement G\u00e9n\u00e9ral sur la Protection des Donn\u00e9es (RGPD), vous disposez des droits suivants :<br \/>&#8211; Droit d\u2019acc\u00e8s<br \/>&#8211; Droit de rectification<br \/>&#8211; Droit \u00e0 l\u2019effacement<br \/>&#8211; Droit \u00e0 la limitation du traitement<br \/>&#8211; Droit d\u2019opposition<br \/>&#8211; Droit \u00e0 la portabilit\u00e9 des donn\u00e9es<\/p><p>Pour exercer ces droits, vous pouvez nous contacter \u00e0 l\u2019adresse suivante : battaglia.studios@gmail.com<\/p><p>4. Cookies<\/p><p>Notre site utilise des cookies pour am\u00e9liorer votre exp\u00e9rience de navigation. Vous pouvez consulter notre politique de cookie pour plus d\u2019informations sur l\u2019utilisation des cookies et sur la mani\u00e8re de les d\u00e9sactiver.<\/p><p>5. Liens Hypertextes<\/p><p>Le site &#8220;Val\u00e9rie Mallor Th\u00e9rapeute&#8221; peut contenir des liens hypertextes vers d&#8217;autres sites web. Nous ne contr\u00f4lons pas ces sites et ne pouvons \u00eatre tenus responsables de leur contenu ou de leur politique de confidentialit\u00e9.<\/p><p>6. Responsabilit\u00e9<\/p><p>Val\u00e9rie Mallor s&#8217;efforce de fournir des informations exactes et \u00e0 jour sur le site. Toutefois, elle ne saurait \u00eatre tenue responsable des erreurs ou omissions. L&#8217;utilisation des informations disponibles sur le site se fait sous l&#8217;enti\u00e8re responsabilit\u00e9 de l&#8217;utilisateur.<\/p><p>7. Droit Applicable<\/p><p>Les pr\u00e9sentes mentions l\u00e9gales sont r\u00e9gies par le droit fran\u00e7ais. En cas de litige, et apr\u00e8s \u00e9chec de toute tentative de recherche d&#8217;une solution amiable, les tribunaux fran\u00e7ais seront seuls comp\u00e9tents pour conna\u00eetre de ce litige.<\/p><p>8. Contact<\/p><p>Pour toute question ou demande d&#8217;information concernant le site &#8220;Val\u00e9rie Mallor Th\u00e9rapeute&#8221;, vous pouvez nous contacter par email \u00e0 l&#8217;adresse suivante : valeriemallortherapeute@gmail.com ou par courrier \u00e0 l&#8217;adresse suivante : battaglia.studios@gmail.com<\/p>\t\t\t\t\t\t<\/div>\n\t\t\t\t<\/div>\n\t\t\t\t\t<\/div>\n\t\t\t\t<\/div>\n\t\t\t\t<\/div>\n\t\t","protected":false},"excerpt":{"rendered":"<p>Mentions l\u00e9gales Mentions L\u00e9gales pour le Site &#8220;Val\u00e9rie Mallor Th\u00e9rapeute&#8221; 1. Informations G\u00e9n\u00e9rales \u00c9diteur du site directeur de la publication : Battaglia studio&#8217;s\u00a0 Adresse : 1 rue Haxo Email : Battaglia.studios@gmail.comT\u00e9l\u00e9phone : 0614439783SIRET : 94869785900015 H\u00e9bergeur du site : OVH Cloud Adresse : 2, rue Kellermann, 59100 RoubaixT\u00e9l\u00e9phone : 1007Site web : https:\/\/www.ovhcloud.com\/fr\/ 2. Propri\u00e9t\u00e9 [&hellip;]<\/p>\n","protected":false},"author":1,"featured_media":0,"parent":0,"menu_order":0,"comment_status":"closed","ping_status":"closed","template":"","meta":{"ocean_post_layout":"full-screen","ocean_both_sidebars_style":"","ocean_both_sidebars_content_width":0,"ocean_both_sidebars_sidebars_width":0,"ocean_sidebar":"","ocean_second_sidebar":"","ocean_disable_margins":"enable","ocean_add_body_class":"","ocean_shortcode_before_top_bar":"","ocean_shortcode_after_top_bar":"","ocean_shortcode_before_header":"","ocean_shortcode_after_header":"","ocean_has_shortcode":"","ocean_shortcode_after_title":"","ocean_shortcode_before_footer_widgets":"","ocean_shortcode_after_footer_widgets":"","ocean_shortcode_before_footer_bottom":"","ocean_shortcode_after_footer_bottom":"","ocean_display_top_bar":"default","ocean_display_header":"default","ocean_header_style":"","ocean_center_header_left_menu":"","ocean_custom_header_template":"","ocean_custom_logo":0,"ocean_custom_retina_logo":0,"ocean_custom_logo_max_width":0,"ocean_custom_logo_tablet_max_width":0,"ocean_custom_logo_mobile_max_width":0,"ocean_custom_logo_max_height":0,"ocean_custom_logo_tablet_max_height":0,"ocean_custom_logo_mobile_max_height":0,"ocean_header_custom_menu":"","ocean_menu_typo_font_family":"","ocean_menu_typo_font_subset":"","ocean_menu_typo_font_size":0,"ocean_menu_typo_font_size_tablet":0,"ocean_menu_typo_font_size_mobile":0,"ocean_menu_typo_font_size_unit":"px","ocean_menu_typo_font_weight":"","ocean_menu_typo_font_weight_tablet":"","ocean_menu_typo_font_weight_mobile":"","ocean_menu_typo_transform":"","ocean_menu_typo_transform_tablet":"","ocean_menu_typo_transform_mobile":"","ocean_menu_typo_line_height":0,"ocean_menu_typo_line_height_tablet":0,"ocean_menu_typo_line_height_mobile":0,"ocean_menu_typo_line_height_unit":"","ocean_menu_typo_spacing":0,"ocean_menu_typo_spacing_tablet":0,"ocean_menu_typo_spacing_mobile":0,"ocean_menu_typo_spacing_unit":"","ocean_menu_link_color":"","ocean_menu_link_color_hover":"","ocean_menu_link_color_active":"","ocean_menu_link_background":"","ocean_menu_link_hover_background":"","ocean_menu_link_active_background":"","ocean_menu_social_links_bg":"","ocean_menu_social_hover_links_bg":"","ocean_menu_social_links_color":"","ocean_menu_social_hover_links_color":"","ocean_disable_title":"on","ocean_disable_heading":"default","ocean_post_title":"","ocean_post_subheading":"","ocean_post_title_style":"","ocean_post_title_background_color":"","ocean_post_title_background":0,"ocean_post_title_bg_image_position":"","ocean_post_title_bg_image_attachment":"","ocean_post_title_bg_image_repeat":"","ocean_post_title_bg_image_size":"","ocean_post_title_height":0,"ocean_post_title_bg_overlay":0.5,"ocean_post_title_bg_overlay_color":"","ocean_disable_breadcrumbs":"default","ocean_breadcrumbs_color":"","ocean_breadcrumbs_separator_color":"","ocean_breadcrumbs_links_color":"","ocean_breadcrumbs_links_hover_color":"","ocean_display_footer_widgets":"default","ocean_display_footer_bottom":"default","ocean_custom_footer_template":"","footnotes":""},"class_list":["post-841","page","type-page","status-publish","hentry","entry"],"_links":{"self":[{"href":"https:\/\/valeriemallortherapeute.com\/index.php\/wp-json\/wp\/v2\/pages\/841","targetHints":{"allow":["GET"]}}],"collection":[{"href":"https:\/\/valeriemallortherapeute.com\/index.php\/wp-json\/wp\/v2\/pages"}],"about":[{"href":"https:\/\/valeriemallortherapeute.com\/index.php\/wp-json\/wp\/v2\/types\/page"}],"author":[{"embeddable":true,"href":"https:\/\/valeriemallortherapeute.com\/index.php\/wp-json\/wp\/v2\/users\/1"}],"replies":[{"embeddable":true,"href":"https:\/\/valeriemallortherapeute.com\/index.php\/wp-json\/wp\/v2\/comments?post=841"}],"version-history":[{"count":7,"href":"https:\/\/valeriemallortherapeute.com\/index.php\/wp-json\/wp\/v2\/pages\/841\/revisions"}],"predecessor-version":[{"id":850,"href":"https:\/\/valeriemallortherapeute.com\/index.php\/wp-json\/wp\/v2\/pages\/841\/revisions\/850"}],"wp:attachment":[{"href":"https:\/\/valeriemallortherapeute.com\/index.php\/wp-json\/wp\/v2\/media?parent=841"}],"curies":[{"name":"wp","href":"https:\/\/api.w.org\/{rel}","templated":true}]}}